{"id":1877,"date":"2024-09-13T12:56:47","date_gmt":"2024-09-13T11:56:47","guid":{"rendered":"https:\/\/retroplay.info\/?page_id=1877"},"modified":"2026-04-13T23:52:33","modified_gmt":"2026-04-13T22:52:33","slug":"contratacion-de-stands","status":"publish","type":"page","link":"https:\/\/retroplay.info\/index.php\/contratacion-de-stands\/","title":{"rendered":"CONTRATACI\u00d3N DE STANDS"},"content":{"rendered":"\n<p>Retroplay Gandia se celebrar\u00e1 los d\u00edas <strong>13 y 14 de junio de 2026<\/strong>.<\/p>\n\n\n\n<ul class=\"wp-block-list\">\n<li>El horario de apertura al p\u00fablico general ser\u00e1 de <strong>10:00h a 21:00h <\/strong>ambos d\u00edas.<\/li>\n<\/ul>\n\n\n\n<ul class=\"wp-block-list\">\n<li>El horario para comerciantes ser\u00e1 de <strong>8:00h a 21:30h<\/strong> ambos d\u00edas.<\/li>\n<\/ul>\n\n\n\n<p>La zona del evento permanece cerrada fuera del horario indicado, vallada y con un vigilante de seguridad durante toda la noche.<\/p>\n\n\n\n<p>El centro dispone de m\u00faltiples entradas y escaleras en todas sus fachadas y el flujo de visitantes es constante y similar en todas sus \u00e1reas.<\/p>\n\n\n\n<p>Si deseas participar por favor <strong>rellena el siguiente formulario<\/strong>, gracias.<\/p>\n\n\n\n<div class=\"wpcf7 no-js\" id=\"wpcf7-f1881-o1\" lang=\"es-ES\" dir=\"ltr\" data-wpcf7-id=\"1881\">\n<div class=\"screen-reader-response\"><p role=\"status\" aria-live=\"polite\" aria-atomic=\"true\"><\/p> <ul><\/ul><\/div>\n<form action=\"\/index.php\/wp-json\/wp\/v2\/pages\/1877#wpcf7-f1881-o1\" method=\"post\" class=\"wpcf7-form init\" aria-label=\"Formulario de contacto\" novalidate=\"novalidate\" data-status=\"init\">\n<fieldset class=\"hidden-fields-container\"><input type=\"hidden\" name=\"_wpcf7\" value=\"1881\" \/><input type=\"hidden\" name=\"_wpcf7_version\" value=\"6.1.2\" \/><input type=\"hidden\" name=\"_wpcf7_locale\" value=\"es_ES\" \/><input type=\"hidden\" name=\"_wpcf7_unit_tag\" value=\"wpcf7-f1881-o1\" \/><input type=\"hidden\" name=\"_wpcf7_container_post\" value=\"0\" \/><input type=\"hidden\" name=\"_wpcf7_posted_data_hash\" value=\"\" \/><input type=\"hidden\" name=\"_wpcf7_recaptcha_response\" value=\"\" \/>\n<\/fieldset>\n<p><label> Nombre<br \/>\n<span class=\"wpcf7-form-control-wrap\" data-name=\"your-name\"><input size=\"40\" maxlength=\"400\" class=\"wpcf7-form-control wpcf7-text wpcf7-validates-as-required\" autocomplete=\"name\" aria-required=\"true\" aria-invalid=\"false\" value=\"\" type=\"text\" name=\"your-name\" \/><\/span> <\/label><br \/>\n<label> Nombre comercial<br \/>\n<span class=\"wpcf7-form-control-wrap\" data-name=\"text-77\"><input size=\"40\" maxlength=\"400\" class=\"wpcf7-form-control wpcf7-text wpcf7-validates-as-required\" autocomplete=\"comercial\" aria-required=\"true\" aria-invalid=\"false\" value=\"\" type=\"text\" name=\"text-77\" \/><\/span> <\/label><br \/>\n<label> Correo electr\u00f3nico<br \/>\n<span class=\"wpcf7-form-control-wrap\" data-name=\"your-email\"><input size=\"40\" maxlength=\"400\" class=\"wpcf7-form-control wpcf7-email wpcf7-validates-as-required wpcf7-text wpcf7-validates-as-email\" autocomplete=\"email\" aria-required=\"true\" aria-invalid=\"false\" value=\"\" type=\"email\" name=\"your-email\" \/><\/span> <\/label><br \/>\n<label> Tel&eacute;fono<br \/>\n<span class=\"wpcf7-form-control-wrap\" data-name=\"telefono\"><input size=\"40\" maxlength=\"400\" class=\"wpcf7-form-control wpcf7-tel wpcf7-validates-as-required wpcf7-text wpcf7-validates-as-tel\" autocomplete=\"telefono\" aria-required=\"true\" aria-invalid=\"false\" value=\"\" type=\"tel\" name=\"telefono\" \/><\/span> <\/label><br \/>\n<b>Modalidad de stand<\/b><br \/>\n<span class=\"wpcf7-form-control-wrap\" data-name=\"menu-281\"><select class=\"wpcf7-form-control wpcf7-select wpcf7-validates-as-required\" aria-required=\"true\" aria-invalid=\"false\" name=\"menu-281\"><option value=\"\">&#8212;Por favor, elige una opci\u00f3n&#8212;<\/option><option value=\"Tienda\">Tienda<\/option><option value=\"Artista, ilustrador\">Artista, ilustrador<\/option><option value=\"Asociaci\u00f3n\">Asociaci\u00f3n<\/option><option value=\"Otros\">Otros<\/option><\/select><\/span><br \/>\n<label> Breve descripci\u00f3n del material exhibido en el stand<br \/>\n<span class=\"wpcf7-form-control-wrap\" data-name=\"your-message\"><textarea cols=\"40\" rows=\"10\" maxlength=\"2000\" class=\"wpcf7-form-control wpcf7-textarea wpcf7-validates-as-required\" aria-required=\"true\" aria-invalid=\"false\" name=\"your-message\"><\/textarea><\/span> <\/label>\n<\/p>\n<p><input class=\"wpcf7-form-control wpcf7-submit has-spinner\" type=\"submit\" value=\"Enviar\" \/>\n<\/p>\n\n<p style=\"display: none !important;\" class=\"akismet-fields-container\" data-prefix=\"_wpcf7_ak_\"><label>&#916;<textarea name=\"_wpcf7_ak_hp_textarea\" cols=\"45\" rows=\"8\" maxlength=\"100\"><\/textarea><\/label><input type=\"hidden\" id=\"ak_js_1\" name=\"_wpcf7_ak_js\" value=\"56\"\/><script data-jetpack-boost=\"ignore\">document.getElementById( \"ak_js_1\" ).setAttribute( \"value\", ( new Date() ).getTime() );<\/script><\/p><input type='hidden' class='wpcf7-pum' value='{\"closepopup\":false,\"closedelay\":0,\"openpopup\":false,\"openpopup_id\":0}' \/><div class=\"wpcf7-response-output\" aria-hidden=\"true\"><\/div>\n<\/form>\n<\/div>\n\n\n\n\n<p><\/p>\n","protected":false},"excerpt":{"rendered":"<p>Retroplay Gandia se celebrar\u00e1 los d\u00edas 13 y 14 de junio de 2026. La zona del evento permanece cerrada fuera del horario indicado, vallada y con un vigilante de seguridad durante toda la noche. El centro dispone de m\u00faltiples entradas y escaleras en todas sus fachadas y el flujo de [&hellip;]<\/p>\n","protected":false},"author":4,"featured_media":1854,"parent":0,"menu_order":0,"comment_status":"closed","ping_status":"closed","template":"","meta":{"_themeisle_gutenberg_block_has_review":false,"footnotes":""},"class_list":["post-1877","page","type-page","status-publish","has-post-thumbnail","hentry"],"yoast_head":"<!-- This site is optimized with the Yoast SEO plugin v26.2 - https:\/\/yoast.com\/wordpress\/plugins\/seo\/ -->\n<title>CONTRATACI\u00d3N DE STANDS - RETROPLAY<\/title>\n<meta name=\"robots\" content=\"index, follow, max-snippet:-1, max-image-preview:large, max-video-preview:-1\" \/>\n<link rel=\"canonical\" href=\"https:\/\/retroplay.info\/index.php\/contratacion-de-stands\/\" \/>\n<meta property=\"og:locale\" content=\"es_ES\" \/>\n<meta property=\"og:type\" content=\"article\" \/>\n<meta property=\"og:title\" content=\"CONTRATACI\u00d3N DE STANDS - RETROPLAY\" \/>\n<meta property=\"og:description\" content=\"Retroplay Gandia se celebrar\u00e1 los d\u00edas 13 y 14 de junio de 2026. La zona del evento permanece cerrada fuera del horario indicado, vallada y con un vigilante de seguridad durante toda la noche. El centro dispone de m\u00faltiples entradas y escaleras en todas sus fachadas y el flujo de [&hellip;]\" \/>\n<meta property=\"og:url\" content=\"https:\/\/retroplay.info\/index.php\/contratacion-de-stands\/\" \/>\n<meta property=\"og:site_name\" content=\"RETROPLAY\" \/>\n<meta property=\"article:modified_time\" content=\"2026-04-13T22:52:33+00:00\" \/>\n<meta property=\"og:image\" content=\"https:\/\/retroplay.info\/wp-content\/uploads\/2024\/09\/IMG_8565-scaled-1.jpeg\" \/>\n\t<meta property=\"og:image:width\" content=\"1222\" \/>\n\t<meta property=\"og:image:height\" content=\"628\" \/>\n\t<meta property=\"og:image:type\" content=\"image\/jpeg\" \/>\n<meta name=\"twitter:card\" content=\"summary_large_image\" \/>\n<meta name=\"twitter:site\" content=\"@Retroplayinfo\" \/>\n<meta name=\"twitter:label1\" content=\"Tiempo de lectura\" \/>\n\t<meta name=\"twitter:data1\" content=\"1 minuto\" \/>\n<script type=\"application\/ld+json\" class=\"yoast-schema-graph\">{\"@context\":\"https:\/\/schema.org\",\"@graph\":[{\"@type\":\"WebPage\",\"@id\":\"https:\/\/retroplay.info\/index.php\/contratacion-de-stands\/\",\"url\":\"https:\/\/retroplay.info\/index.php\/contratacion-de-stands\/\",\"name\":\"CONTRATACI\u00d3N DE STANDS - RETROPLAY\",\"isPartOf\":{\"@id\":\"https:\/\/retroplay.info\/#website\"},\"primaryImageOfPage\":{\"@id\":\"https:\/\/retroplay.info\/index.php\/contratacion-de-stands\/#primaryimage\"},\"image\":{\"@id\":\"https:\/\/retroplay.info\/index.php\/contratacion-de-stands\/#primaryimage\"},\"thumbnailUrl\":\"https:\/\/i0.wp.com\/retroplay.info\/wp-content\/uploads\/2024\/09\/IMG_8565-scaled-1.jpeg?fit=1222%2C628&ssl=1\",\"datePublished\":\"2024-09-13T11:56:47+00:00\",\"dateModified\":\"2026-04-13T22:52:33+00:00\",\"breadcrumb\":{\"@id\":\"https:\/\/retroplay.info\/index.php\/contratacion-de-stands\/#breadcrumb\"},\"inLanguage\":\"es\",\"potentialAction\":[{\"@type\":\"ReadAction\",\"target\":[\"https:\/\/retroplay.info\/index.php\/contratacion-de-stands\/\"]}]},{\"@type\":\"ImageObject\",\"inLanguage\":\"es\",\"@id\":\"https:\/\/retroplay.info\/index.php\/contratacion-de-stands\/#primaryimage\",\"url\":\"https:\/\/i0.wp.com\/retroplay.info\/wp-content\/uploads\/2024\/09\/IMG_8565-scaled-1.jpeg?fit=1222%2C628&ssl=1\",\"contentUrl\":\"https:\/\/i0.wp.com\/retroplay.info\/wp-content\/uploads\/2024\/09\/IMG_8565-scaled-1.jpeg?fit=1222%2C628&ssl=1\",\"width\":1222,\"height\":628},{\"@type\":\"BreadcrumbList\",\"@id\":\"https:\/\/retroplay.info\/index.php\/contratacion-de-stands\/#breadcrumb\",\"itemListElement\":[{\"@type\":\"ListItem\",\"position\":1,\"name\":\"Portada\",\"item\":\"https:\/\/retroplay.info\/\"},{\"@type\":\"ListItem\",\"position\":2,\"name\":\"CONTRATACI\u00d3N DE STANDS\"}]},{\"@type\":\"WebSite\",\"@id\":\"https:\/\/retroplay.info\/#website\",\"url\":\"https:\/\/retroplay.info\/\",\"name\":\"RETROPLAY\",\"description\":\"EL EVENTO DE RETRO DEFINITIVO\",\"publisher\":{\"@id\":\"https:\/\/retroplay.info\/#organization\"},\"potentialAction\":[{\"@type\":\"SearchAction\",\"target\":{\"@type\":\"EntryPoint\",\"urlTemplate\":\"https:\/\/retroplay.info\/?s={search_term_string}\"},\"query-input\":{\"@type\":\"PropertyValueSpecification\",\"valueRequired\":true,\"valueName\":\"search_term_string\"}}],\"inLanguage\":\"es\"},{\"@type\":\"Organization\",\"@id\":\"https:\/\/retroplay.info\/#organization\",\"name\":\"RETROPLAY\",\"url\":\"https:\/\/retroplay.info\/\",\"logo\":{\"@type\":\"ImageObject\",\"inLanguage\":\"es\",\"@id\":\"https:\/\/retroplay.info\/#\/schema\/logo\/image\/\",\"url\":\"https:\/\/i0.wp.com\/retroplay.info\/wp-content\/uploads\/2023\/09\/logo-7-new.jpg?fit=150%2C100&ssl=1\",\"contentUrl\":\"https:\/\/i0.wp.com\/retroplay.info\/wp-content\/uploads\/2023\/09\/logo-7-new.jpg?fit=150%2C100&ssl=1\",\"width\":150,\"height\":100,\"caption\":\"RETROPLAY\"},\"image\":{\"@id\":\"https:\/\/retroplay.info\/#\/schema\/logo\/image\/\"},\"sameAs\":[\"https:\/\/x.com\/Retroplayinfo\"]}]}<\/script>\n<!-- \/ Yoast SEO plugin. -->","yoast_head_json":{"title":"CONTRATACI\u00d3N DE STANDS - RETROPLAY","robots":{"index":"index","follow":"follow","max-snippet":"max-snippet:-1","max-image-preview":"max-image-preview:large","max-video-preview":"max-video-preview:-1"},"canonical":"https:\/\/retroplay.info\/index.php\/contratacion-de-stands\/","og_locale":"es_ES","og_type":"article","og_title":"CONTRATACI\u00d3N DE STANDS - RETROPLAY","og_description":"Retroplay Gandia se celebrar\u00e1 los d\u00edas 13 y 14 de junio de 2026. La zona del evento permanece cerrada fuera del horario indicado, vallada y con un vigilante de seguridad durante toda la noche. El centro dispone de m\u00faltiples entradas y escaleras en todas sus fachadas y el flujo de [&hellip;]","og_url":"https:\/\/retroplay.info\/index.php\/contratacion-de-stands\/","og_site_name":"RETROPLAY","article_modified_time":"2026-04-13T22:52:33+00:00","og_image":[{"width":1222,"height":628,"url":"https:\/\/retroplay.info\/wp-content\/uploads\/2024\/09\/IMG_8565-scaled-1.jpeg","type":"image\/jpeg"}],"twitter_card":"summary_large_image","twitter_site":"@Retroplayinfo","twitter_misc":{"Tiempo de lectura":"1 minuto"},"schema":{"@context":"https:\/\/schema.org","@graph":[{"@type":"WebPage","@id":"https:\/\/retroplay.info\/index.php\/contratacion-de-stands\/","url":"https:\/\/retroplay.info\/index.php\/contratacion-de-stands\/","name":"CONTRATACI\u00d3N DE STANDS - RETROPLAY","isPartOf":{"@id":"https:\/\/retroplay.info\/#website"},"primaryImageOfPage":{"@id":"https:\/\/retroplay.info\/index.php\/contratacion-de-stands\/#primaryimage"},"image":{"@id":"https:\/\/retroplay.info\/index.php\/contratacion-de-stands\/#primaryimage"},"thumbnailUrl":"https:\/\/i0.wp.com\/retroplay.info\/wp-content\/uploads\/2024\/09\/IMG_8565-scaled-1.jpeg?fit=1222%2C628&ssl=1","datePublished":"2024-09-13T11:56:47+00:00","dateModified":"2026-04-13T22:52:33+00:00","breadcrumb":{"@id":"https:\/\/retroplay.info\/index.php\/contratacion-de-stands\/#breadcrumb"},"inLanguage":"es","potentialAction":[{"@type":"ReadAction","target":["https:\/\/retroplay.info\/index.php\/contratacion-de-stands\/"]}]},{"@type":"ImageObject","inLanguage":"es","@id":"https:\/\/retroplay.info\/index.php\/contratacion-de-stands\/#primaryimage","url":"https:\/\/i0.wp.com\/retroplay.info\/wp-content\/uploads\/2024\/09\/IMG_8565-scaled-1.jpeg?fit=1222%2C628&ssl=1","contentUrl":"https:\/\/i0.wp.com\/retroplay.info\/wp-content\/uploads\/2024\/09\/IMG_8565-scaled-1.jpeg?fit=1222%2C628&ssl=1","width":1222,"height":628},{"@type":"BreadcrumbList","@id":"https:\/\/retroplay.info\/index.php\/contratacion-de-stands\/#breadcrumb","itemListElement":[{"@type":"ListItem","position":1,"name":"Portada","item":"https:\/\/retroplay.info\/"},{"@type":"ListItem","position":2,"name":"CONTRATACI\u00d3N DE STANDS"}]},{"@type":"WebSite","@id":"https:\/\/retroplay.info\/#website","url":"https:\/\/retroplay.info\/","name":"RETROPLAY","description":"EL EVENTO DE RETRO DEFINITIVO","publisher":{"@id":"https:\/\/retroplay.info\/#organization"},"potentialAction":[{"@type":"SearchAction","target":{"@type":"EntryPoint","urlTemplate":"https:\/\/retroplay.info\/?s={search_term_string}"},"query-input":{"@type":"PropertyValueSpecification","valueRequired":true,"valueName":"search_term_string"}}],"inLanguage":"es"},{"@type":"Organization","@id":"https:\/\/retroplay.info\/#organization","name":"RETROPLAY","url":"https:\/\/retroplay.info\/","logo":{"@type":"ImageObject","inLanguage":"es","@id":"https:\/\/retroplay.info\/#\/schema\/logo\/image\/","url":"https:\/\/i0.wp.com\/retroplay.info\/wp-content\/uploads\/2023\/09\/logo-7-new.jpg?fit=150%2C100&ssl=1","contentUrl":"https:\/\/i0.wp.com\/retroplay.info\/wp-content\/uploads\/2023\/09\/logo-7-new.jpg?fit=150%2C100&ssl=1","width":150,"height":100,"caption":"RETROPLAY"},"image":{"@id":"https:\/\/retroplay.info\/#\/schema\/logo\/image\/"},"sameAs":["https:\/\/x.com\/Retroplayinfo"]}]}},"_links":{"self":[{"href":"https:\/\/retroplay.info\/index.php\/wp-json\/wp\/v2\/pages\/1877","targetHints":{"allow":["GET"]}}],"collection":[{"href":"https:\/\/retroplay.info\/index.php\/wp-json\/wp\/v2\/pages"}],"about":[{"href":"https:\/\/retroplay.info\/index.php\/wp-json\/wp\/v2\/types\/page"}],"author":[{"embeddable":true,"href":"https:\/\/retroplay.info\/index.php\/wp-json\/wp\/v2\/users\/4"}],"replies":[{"embeddable":true,"href":"https:\/\/retroplay.info\/index.php\/wp-json\/wp\/v2\/comments?post=1877"}],"version-history":[{"count":10,"href":"https:\/\/retroplay.info\/index.php\/wp-json\/wp\/v2\/pages\/1877\/revisions"}],"predecessor-version":[{"id":2879,"href":"https:\/\/retroplay.info\/index.php\/wp-json\/wp\/v2\/pages\/1877\/revisions\/2879"}],"wp:featuredmedia":[{"embeddable":true,"href":"https:\/\/retroplay.info\/index.php\/wp-json\/wp\/v2\/media\/1854"}],"wp:attachment":[{"href":"https:\/\/retroplay.info\/index.php\/wp-json\/wp\/v2\/media?parent=1877"}],"curies":[{"name":"wp","href":"https:\/\/api.w.org\/{rel}","templated":true}]}}