{"id":2358,"date":"2025-10-14T17:10:15","date_gmt":"2025-10-14T16:10:15","guid":{"rendered":"https:\/\/retroplay.info\/?page_id=2358"},"modified":"2026-04-13T22:59:25","modified_gmt":"2026-04-13T21:59:25","slug":"%f0%9f%8e%ae-retroplay-iii-el-viaje-al-pasado-regresa-a-las-americas-%f0%9f%9a%80","status":"publish","type":"page","link":"https:\/\/retroplay.info\/","title":{"rendered":"\ud83c\udfae Feria del Videojuego Retroplay Gandia \ud83c\udfd6\ufe0f"},"content":{"rendered":"\n<div id=\"wp-block-themeisle-blocks-countdown-192d3cf4\" data-date=\"2026-06-13T10:00:00\" class=\"wp-block-themeisle-blocks-countdown\"><div class=\"otter-countdown__container\"><div class=\"otter-countdown__display\"><div name=\"day\" class=\"otter-countdown__display-area is-main-component\"><div class=\"otter-countdown__value\">0<\/div><div class=\"otter-countdown__label\">D\u00eda<\/div><\/div><div name=\"hour\" class=\"otter-countdown__display-area is-main-component\"><div class=\"otter-countdown__value\">0<\/div><div class=\"otter-countdown__label\">Hour<\/div><\/div><div name=\"minute\" class=\"otter-countdown__display-area is-main-component\"><div class=\"otter-countdown__value\">0<\/div><div class=\"otter-countdown__label\">Minute<\/div><\/div><div name=\"second\" class=\"otter-countdown__display-area is-main-component\"><div class=\"otter-countdown__value\">0<\/div><div class=\"otter-countdown__label\">Second<\/div><\/div><\/div><\/div><\/div>\n\n\n\n<div style=\"height:30px\" aria-hidden=\"true\" class=\"wp-block-spacer\"><\/div>\n\n\n\n<p class=\"has-text-align-center\">\u00a1Calienta motores! \ud83c\udfce\ufe0f\ud83d\udca8 Tras el \u00e9xito de sus ediciones anteriores, el evento de ocio familiar m\u00e1s nost\u00e1lgico de la Comunidad Valenciana se traslada a la costa: <strong>Retroplay Gandia<\/strong> llega al <strong>Espai Baladre<\/strong>. \u00a1Prep\u00e1rate para la partida definitiva junto al mar! \ud83c\udf0a\ud83d\udd79\ufe0f<\/p>\n\n\n\n<div style=\"height:25px\" aria-hidden=\"true\" class=\"wp-block-spacer\"><\/div>\n\n\n\n<figure class=\"wp-block-image alignwide size-full\" id=\"wp-block-themeisle-blocks-image-4628b7b7\"><img data-recalc-dims=\"1\" loading=\"lazy\" decoding=\"async\" width=\"750\" height=\"1060\" src=\"https:\/\/i0.wp.com\/retroplay.info\/wp-content\/uploads\/2026\/04\/cartel_nohalo.jpg?resize=750%2C1060&#038;ssl=1\" alt=\"\" class=\"wp-image-2849\" srcset=\"https:\/\/i0.wp.com\/retroplay.info\/wp-content\/uploads\/2026\/04\/cartel_nohalo.jpg?w=1358&amp;ssl=1 1358w, https:\/\/i0.wp.com\/retroplay.info\/wp-content\/uploads\/2026\/04\/cartel_nohalo.jpg?resize=212%2C300&amp;ssl=1 212w, https:\/\/i0.wp.com\/retroplay.info\/wp-content\/uploads\/2026\/04\/cartel_nohalo.jpg?resize=724%2C1024&amp;ssl=1 724w, https:\/\/i0.wp.com\/retroplay.info\/wp-content\/uploads\/2026\/04\/cartel_nohalo.jpg?resize=768%2C1086&amp;ssl=1 768w, https:\/\/i0.wp.com\/retroplay.info\/wp-content\/uploads\/2026\/04\/cartel_nohalo.jpg?resize=1086%2C1536&amp;ssl=1 1086w\" sizes=\"auto, (max-width: 750px) 100vw, 750px\" \/><\/figure>\n\n\n\n<h3 class=\"wp-block-heading has-text-align-center\">Marca en tu calendario los d\u00edas 13 y 14 de junio de 2026 para revivir la magia de los videojuegos cl\u00e1sicos.<\/h3>\n\n\n\n<h2 class=\"wp-block-heading\"><\/h2>\n\n\n\n<h3 class=\"wp-block-heading\"><strong>\ud83d\udd79\ufe0f M\u00e1s grande, m\u00e1s retro, m\u00e1s \u00e9pico<\/strong>.<\/h3>\n\n\n\n<ul class=\"wp-block-list\">\n<li><strong>Entrada 5\u20ac, menores de 6 a\u00f1os GRATIS:<\/strong> Una experiencia para toda la familia sin coste.<\/li>\n\n\n\n<li><strong>Zona Arcade &amp; Pinball:<\/strong> Siente la emoci\u00f3n de las m\u00e1quinas recreativas originales de los 80 y 90.<\/li>\n\n\n\n<li><strong>Consolas y Ordenadores Cl\u00e1sicos:<\/strong> Juega en las m\u00edticas NES, Super Nintendo, PlayStation, Amstrad, Commodore y muchas m\u00e1s.<\/li>\n\n\n\n<li><strong>Zona de Tiendas y Coleccionismo:<\/strong> Encuentra ese juego o <em>merchandising<\/em> que te falta, c\u00f3mics, figuras y todo el arte retro.<\/li>\n\n\n\n<li><strong>Torneos con Premios:<\/strong> Demuestra que eres el mejor <em>gamer<\/em> en nuestros torneos de cl\u00e1sicos y novedades.<\/li>\n\n\n\n<li><strong>Zona Otaku\/Callej\u00f3n del Artista:<\/strong> Concursos de Cosplay, K-Pop, ilustradores y toda la cultura pop japonesa.<\/li>\n\n\n\n<li><strong>Animaci\u00f3n y actividades para toda la familia: <\/strong>este a\u00f1o venimos cargados de sorpresas para que disfrute toda la familia de 2 d\u00edas de entretenimiento y diversi\u00f3n.<\/li>\n<\/ul>\n\n\n\n<p class=\"has-text-align-center\"><strong>Retroplay<\/strong> es el punto de encuentro donde la nostalgia une a las generaciones. Padres e hijos, veteranos y nuevos jugadores, todos juntos para celebrar la historia del entretenimiento digital.<\/p>\n\n\n\n<p class=\"has-text-align-center\"><strong>\ud83d\udcc5 \u00bfCu\u00e1ndo?<\/strong> <strong>13 y 14 de junio de 2026<\/strong> de <strong>10:00 a 21:00<\/strong><\/p>\n\n\n\n<p class=\"has-text-align-center\"><strong>\ud83d\udccd \u00bfD\u00f3nde?<\/strong> <strong><a href=\"https:\/\/maps.app.goo.gl\/iFKXhVDYgGWHuvk96\">Espai Baladre, Gandia (Valencia)<\/a><\/strong><\/p>\n\n\n\n<p class=\"has-text-align-center\"><strong>\ud83d\udcb0 Entrada:<\/strong> <strong>5\u20ac &#8211; Menores 6 a\u00f1os GRATIS<\/strong><\/p>\n\n\n\n<p class=\"has-text-align-center\"><strong>\u00a1No te lo puedes perder! S\u00edguenos para descubrir la programaci\u00f3n completa, los torneos y los invitados de esta edici\u00f3n.<\/strong><\/p>\n\n\n\n<ul class=\"wp-block-social-links aligncenter is-layout-flex wp-block-social-links-is-layout-flex\"><li class=\"wp-social-link wp-social-link-instagram  wp-block-social-link\"><a href=\"https:\/\/www.instagram.com\/retroplay.info\/\" class=\"wp-block-social-link-anchor\"><svg width=\"24\" height=\"24\" viewBox=\"0 0 24 24\" version=\"1.1\" xmlns=\"http:\/\/www.w3.org\/2000\/svg\" aria-hidden=\"true\" focusable=\"false\"><path d=\"M12,4.622c2.403,0,2.688,0.009,3.637,0.052c0.877,0.04,1.354,0.187,1.671,0.31c0.42,0.163,0.72,0.358,1.035,0.673 c0.315,0.315,0.51,0.615,0.673,1.035c0.123,0.317,0.27,0.794,0.31,1.671c0.043,0.949,0.052,1.234,0.052,3.637 s-0.009,2.688-0.052,3.637c-0.04,0.877-0.187,1.354-0.31,1.671c-0.163,0.42-0.358,0.72-0.673,1.035 c-0.315,0.315-0.615,0.51-1.035,0.673c-0.317,0.123-0.794,0.27-1.671,0.31c-0.949,0.043-1.233,0.052-3.637,0.052 s-2.688-0.009-3.637-0.052c-0.877-0.04-1.354-0.187-1.671-0.31c-0.42-0.163-0.72-0.358-1.035-0.673 c-0.315-0.315-0.51-0.615-0.673-1.035c-0.123-0.317-0.27-0.794-0.31-1.671C4.631,14.688,4.622,14.403,4.622,12 s0.009-2.688,0.052-3.637c0.04-0.877,0.187-1.354,0.31-1.671c0.163-0.42,0.358-0.72,0.673-1.035 c0.315-0.315,0.615-0.51,1.035-0.673c0.317-0.123,0.794-0.27,1.671-0.31C9.312,4.631,9.597,4.622,12,4.622 M12,3 C9.556,3,9.249,3.01,8.289,3.054C7.331,3.098,6.677,3.25,6.105,3.472C5.513,3.702,5.011,4.01,4.511,4.511 c-0.5,0.5-0.808,1.002-1.038,1.594C3.25,6.677,3.098,7.331,3.054,8.289C3.01,9.249,3,9.556,3,12c0,2.444,0.01,2.751,0.054,3.711 c0.044,0.958,0.196,1.612,0.418,2.185c0.23,0.592,0.538,1.094,1.038,1.594c0.5,0.5,1.002,0.808,1.594,1.038 c0.572,0.222,1.227,0.375,2.185,0.418C9.249,20.99,9.556,21,12,21s2.751-0.01,3.711-0.054c0.958-0.044,1.612-0.196,2.185-0.418 c0.592-0.23,1.094-0.538,1.594-1.038c0.5-0.5,0.808-1.002,1.038-1.594c0.222-0.572,0.375-1.227,0.418-2.185 C20.99,14.751,21,14.444,21,12s-0.01-2.751-0.054-3.711c-0.044-0.958-0.196-1.612-0.418-2.185c-0.23-0.592-0.538-1.094-1.038-1.594 c-0.5-0.5-1.002-0.808-1.594-1.038c-0.572-0.222-1.227-0.375-2.185-0.418C14.751,3.01,14.444,3,12,3L12,3z M12,7.378 c-2.552,0-4.622,2.069-4.622,4.622S9.448,16.622,12,16.622s4.622-2.069,4.622-4.622S14.552,7.378,12,7.378z M12,15 c-1.657,0-3-1.343-3-3s1.343-3,3-3s3,1.343,3,3S13.657,15,12,15z M16.804,6.116c-0.596,0-1.08,0.484-1.08,1.08 s0.484,1.08,1.08,1.08c0.596,0,1.08-0.484,1.08-1.08S17.401,6.116,16.804,6.116z\"><\/path><\/svg><span class=\"wp-block-social-link-label screen-reader-text\">Instagram<\/span><\/a><\/li>\n\n<li class=\"wp-social-link wp-social-link-x  wp-block-social-link\"><a href=\"https:\/\/x.com\/Retroplayinfo\" class=\"wp-block-social-link-anchor\"><svg width=\"24\" height=\"24\" viewBox=\"0 0 24 24\" version=\"1.1\" xmlns=\"http:\/\/www.w3.org\/2000\/svg\" aria-hidden=\"true\" focusable=\"false\"><path d=\"M13.982 10.622 20.54 3h-1.554l-5.693 6.618L8.745 3H3.5l6.876 10.007L3.5 21h1.554l6.012-6.989L15.868 21h5.245l-7.131-10.378Zm-2.128 2.474-.697-.997-5.543-7.93H8l4.474 6.4.697.996 5.815 8.318h-2.387l-4.745-6.787Z\" \/><\/svg><span class=\"wp-block-social-link-label screen-reader-text\">X<\/span><\/a><\/li>\n\n<li class=\"wp-social-link wp-social-link-youtube  wp-block-social-link\"><a href=\"https:\/\/www.youtube.com\/@Retroplayinfo\" class=\"wp-block-social-link-anchor\"><svg width=\"24\" height=\"24\" viewBox=\"0 0 24 24\" version=\"1.1\" xmlns=\"http:\/\/www.w3.org\/2000\/svg\" aria-hidden=\"true\" focusable=\"false\"><path d=\"M21.8,8.001c0,0-0.195-1.378-0.795-1.985c-0.76-0.797-1.613-0.801-2.004-0.847c-2.799-0.202-6.997-0.202-6.997-0.202 h-0.009c0,0-4.198,0-6.997,0.202C4.608,5.216,3.756,5.22,2.995,6.016C2.395,6.623,2.2,8.001,2.2,8.001S2,9.62,2,11.238v1.517 c0,1.618,0.2,3.237,0.2,3.237s0.195,1.378,0.795,1.985c0.761,0.797,1.76,0.771,2.205,0.855c1.6,0.153,6.8,0.201,6.8,0.201 s4.203-0.006,7.001-0.209c0.391-0.047,1.243-0.051,2.004-0.847c0.6-0.607,0.795-1.985,0.795-1.985s0.2-1.618,0.2-3.237v-1.517 C22,9.62,21.8,8.001,21.8,8.001z M9.935,14.594l-0.001-5.62l5.404,2.82L9.935,14.594z\"><\/path><\/svg><span class=\"wp-block-social-link-label screen-reader-text\">YouTube<\/span><\/a><\/li><\/ul>\n\n\n\n<p><\/p>\n","protected":false},"excerpt":{"rendered":"<p>\u00a1Calienta motores! \ud83c\udfce\ufe0f\ud83d\udca8 Tras el \u00e9xito de sus ediciones anteriores, el evento de ocio familiar m\u00e1s nost\u00e1lgico de la Comunidad Valenciana se traslada a la costa: Retroplay Gandia llega al Espai Baladre. \u00a1Prep\u00e1rate para la partida definitiva junto al mar! \ud83c\udf0a\ud83d\udd79\ufe0f Marca en tu calendario los d\u00edas 13 y 14 [&hellip;]<\/p>\n","protected":false},"author":4,"featured_media":2482,"parent":0,"menu_order":0,"comment_status":"closed","ping_status":"closed","template":"","meta":{"_themeisle_gutenberg_block_has_review":false,"footnotes":""},"class_list":["post-2358","page","type-page","status-publish","has-post-thumbnail","hentry"],"yoast_head":"<!-- This site is optimized with the Yoast SEO plugin v26.2 - https:\/\/yoast.com\/wordpress\/plugins\/seo\/ -->\n<title>\ud83c\udfae Feria del Videojuego Retroplay Gandia \ud83c\udfd6\ufe0f - RETROPLAY<\/title>\n<meta name=\"robots\" content=\"index, follow, max-snippet:-1, max-image-preview:large, max-video-preview:-1\" \/>\n<link rel=\"canonical\" href=\"https:\/\/retroplay.info\/\" \/>\n<meta property=\"og:locale\" content=\"es_ES\" \/>\n<meta property=\"og:type\" content=\"article\" \/>\n<meta property=\"og:title\" content=\"\ud83c\udfae Feria del Videojuego Retroplay Gandia \ud83c\udfd6\ufe0f - RETROPLAY\" \/>\n<meta property=\"og:description\" content=\"\u00a1Calienta motores! \ud83c\udfce\ufe0f\ud83d\udca8 Tras el \u00e9xito de sus ediciones anteriores, el evento de ocio familiar m\u00e1s nost\u00e1lgico de la Comunidad Valenciana se traslada a la costa: Retroplay Gandia llega al Espai Baladre. \u00a1Prep\u00e1rate para la partida definitiva junto al mar! \ud83c\udf0a\ud83d\udd79\ufe0f Marca en tu calendario los d\u00edas 13 y 14 [&hellip;]\" \/>\n<meta property=\"og:url\" content=\"https:\/\/retroplay.info\/\" \/>\n<meta property=\"og:site_name\" content=\"RETROPLAY\" \/>\n<meta property=\"article:modified_time\" content=\"2026-04-13T21:59:25+00:00\" \/>\n<meta property=\"og:image\" content=\"https:\/\/retroplay.info\/wp-content\/uploads\/2025\/11\/cabecera-web.jpg\" \/>\n\t<meta property=\"og:image:width\" content=\"2000\" \/>\n\t<meta property=\"og:image:height\" content=\"1150\" \/>\n\t<meta property=\"og:image:type\" content=\"image\/jpeg\" \/>\n<meta name=\"twitter:card\" content=\"summary_large_image\" \/>\n<meta name=\"twitter:site\" content=\"@Retroplayinfo\" \/>\n<meta name=\"twitter:label1\" content=\"Tiempo de lectura\" \/>\n\t<meta name=\"twitter:data1\" content=\"2 minutos\" \/>\n<script type=\"application\/ld+json\" class=\"yoast-schema-graph\">{\"@context\":\"https:\/\/schema.org\",\"@graph\":[{\"@type\":\"WebPage\",\"@id\":\"https:\/\/retroplay.info\/\",\"url\":\"https:\/\/retroplay.info\/\",\"name\":\"\ud83c\udfae Feria del Videojuego Retroplay Gandia \ud83c\udfd6\ufe0f - RETROPLAY\",\"isPartOf\":{\"@id\":\"https:\/\/retroplay.info\/#website\"},\"primaryImageOfPage\":{\"@id\":\"https:\/\/retroplay.info\/#primaryimage\"},\"image\":{\"@id\":\"https:\/\/retroplay.info\/#primaryimage\"},\"thumbnailUrl\":\"https:\/\/i0.wp.com\/retroplay.info\/wp-content\/uploads\/2025\/11\/cabecera-web.jpg?fit=2000%2C1150&ssl=1\",\"datePublished\":\"2025-10-14T16:10:15+00:00\",\"dateModified\":\"2026-04-13T21:59:25+00:00\",\"breadcrumb\":{\"@id\":\"https:\/\/retroplay.info\/#breadcrumb\"},\"inLanguage\":\"es\",\"potentialAction\":[{\"@type\":\"ReadAction\",\"target\":[\"https:\/\/retroplay.info\/\"]}]},{\"@type\":\"ImageObject\",\"inLanguage\":\"es\",\"@id\":\"https:\/\/retroplay.info\/#primaryimage\",\"url\":\"https:\/\/i0.wp.com\/retroplay.info\/wp-content\/uploads\/2025\/11\/cabecera-web.jpg?fit=2000%2C1150&ssl=1\",\"contentUrl\":\"https:\/\/i0.wp.com\/retroplay.info\/wp-content\/uploads\/2025\/11\/cabecera-web.jpg?fit=2000%2C1150&ssl=1\",\"width\":2000,\"height\":1150},{\"@type\":\"BreadcrumbList\",\"@id\":\"https:\/\/retroplay.info\/#breadcrumb\",\"itemListElement\":[{\"@type\":\"ListItem\",\"position\":1,\"name\":\"Portada\",\"item\":\"https:\/\/retroplay.info\/\"},{\"@type\":\"ListItem\",\"position\":2,\"name\":\"\ud83c\udfae Feria del Videojuego Retroplay Gandia \ud83c\udfd6\ufe0f\"}]},{\"@type\":\"WebSite\",\"@id\":\"https:\/\/retroplay.info\/#website\",\"url\":\"https:\/\/retroplay.info\/\",\"name\":\"RETROPLAY\",\"description\":\"EL EVENTO DE RETRO DEFINITIVO\",\"publisher\":{\"@id\":\"https:\/\/retroplay.info\/#organization\"},\"potentialAction\":[{\"@type\":\"SearchAction\",\"target\":{\"@type\":\"EntryPoint\",\"urlTemplate\":\"https:\/\/retroplay.info\/?s={search_term_string}\"},\"query-input\":{\"@type\":\"PropertyValueSpecification\",\"valueRequired\":true,\"valueName\":\"search_term_string\"}}],\"inLanguage\":\"es\"},{\"@type\":\"Organization\",\"@id\":\"https:\/\/retroplay.info\/#organization\",\"name\":\"RETROPLAY\",\"url\":\"https:\/\/retroplay.info\/\",\"logo\":{\"@type\":\"ImageObject\",\"inLanguage\":\"es\",\"@id\":\"https:\/\/retroplay.info\/#\/schema\/logo\/image\/\",\"url\":\"https:\/\/i0.wp.com\/retroplay.info\/wp-content\/uploads\/2023\/09\/logo-7-new.jpg?fit=150%2C100&ssl=1\",\"contentUrl\":\"https:\/\/i0.wp.com\/retroplay.info\/wp-content\/uploads\/2023\/09\/logo-7-new.jpg?fit=150%2C100&ssl=1\",\"width\":150,\"height\":100,\"caption\":\"RETROPLAY\"},\"image\":{\"@id\":\"https:\/\/retroplay.info\/#\/schema\/logo\/image\/\"},\"sameAs\":[\"https:\/\/x.com\/Retroplayinfo\"]}]}<\/script>\n<!-- \/ Yoast SEO plugin. -->","yoast_head_json":{"title":"\ud83c\udfae Feria del Videojuego Retroplay Gandia \ud83c\udfd6\ufe0f - RETROPLAY","robots":{"index":"index","follow":"follow","max-snippet":"max-snippet:-1","max-image-preview":"max-image-preview:large","max-video-preview":"max-video-preview:-1"},"canonical":"https:\/\/retroplay.info\/","og_locale":"es_ES","og_type":"article","og_title":"\ud83c\udfae Feria del Videojuego Retroplay Gandia \ud83c\udfd6\ufe0f - RETROPLAY","og_description":"\u00a1Calienta motores! \ud83c\udfce\ufe0f\ud83d\udca8 Tras el \u00e9xito de sus ediciones anteriores, el evento de ocio familiar m\u00e1s nost\u00e1lgico de la Comunidad Valenciana se traslada a la costa: Retroplay Gandia llega al Espai Baladre. \u00a1Prep\u00e1rate para la partida definitiva junto al mar! \ud83c\udf0a\ud83d\udd79\ufe0f Marca en tu calendario los d\u00edas 13 y 14 [&hellip;]","og_url":"https:\/\/retroplay.info\/","og_site_name":"RETROPLAY","article_modified_time":"2026-04-13T21:59:25+00:00","og_image":[{"width":2000,"height":1150,"url":"https:\/\/retroplay.info\/wp-content\/uploads\/2025\/11\/cabecera-web.jpg","type":"image\/jpeg"}],"twitter_card":"summary_large_image","twitter_site":"@Retroplayinfo","twitter_misc":{"Tiempo de lectura":"2 minutos"},"schema":{"@context":"https:\/\/schema.org","@graph":[{"@type":"WebPage","@id":"https:\/\/retroplay.info\/","url":"https:\/\/retroplay.info\/","name":"\ud83c\udfae Feria del Videojuego Retroplay Gandia \ud83c\udfd6\ufe0f - RETROPLAY","isPartOf":{"@id":"https:\/\/retroplay.info\/#website"},"primaryImageOfPage":{"@id":"https:\/\/retroplay.info\/#primaryimage"},"image":{"@id":"https:\/\/retroplay.info\/#primaryimage"},"thumbnailUrl":"https:\/\/i0.wp.com\/retroplay.info\/wp-content\/uploads\/2025\/11\/cabecera-web.jpg?fit=2000%2C1150&ssl=1","datePublished":"2025-10-14T16:10:15+00:00","dateModified":"2026-04-13T21:59:25+00:00","breadcrumb":{"@id":"https:\/\/retroplay.info\/#breadcrumb"},"inLanguage":"es","potentialAction":[{"@type":"ReadAction","target":["https:\/\/retroplay.info\/"]}]},{"@type":"ImageObject","inLanguage":"es","@id":"https:\/\/retroplay.info\/#primaryimage","url":"https:\/\/i0.wp.com\/retroplay.info\/wp-content\/uploads\/2025\/11\/cabecera-web.jpg?fit=2000%2C1150&ssl=1","contentUrl":"https:\/\/i0.wp.com\/retroplay.info\/wp-content\/uploads\/2025\/11\/cabecera-web.jpg?fit=2000%2C1150&ssl=1","width":2000,"height":1150},{"@type":"BreadcrumbList","@id":"https:\/\/retroplay.info\/#breadcrumb","itemListElement":[{"@type":"ListItem","position":1,"name":"Portada","item":"https:\/\/retroplay.info\/"},{"@type":"ListItem","position":2,"name":"\ud83c\udfae Feria del Videojuego Retroplay Gandia \ud83c\udfd6\ufe0f"}]},{"@type":"WebSite","@id":"https:\/\/retroplay.info\/#website","url":"https:\/\/retroplay.info\/","name":"RETROPLAY","description":"EL EVENTO DE RETRO DEFINITIVO","publisher":{"@id":"https:\/\/retroplay.info\/#organization"},"potentialAction":[{"@type":"SearchAction","target":{"@type":"EntryPoint","urlTemplate":"https:\/\/retroplay.info\/?s={search_term_string}"},"query-input":{"@type":"PropertyValueSpecification","valueRequired":true,"valueName":"search_term_string"}}],"inLanguage":"es"},{"@type":"Organization","@id":"https:\/\/retroplay.info\/#organization","name":"RETROPLAY","url":"https:\/\/retroplay.info\/","logo":{"@type":"ImageObject","inLanguage":"es","@id":"https:\/\/retroplay.info\/#\/schema\/logo\/image\/","url":"https:\/\/i0.wp.com\/retroplay.info\/wp-content\/uploads\/2023\/09\/logo-7-new.jpg?fit=150%2C100&ssl=1","contentUrl":"https:\/\/i0.wp.com\/retroplay.info\/wp-content\/uploads\/2023\/09\/logo-7-new.jpg?fit=150%2C100&ssl=1","width":150,"height":100,"caption":"RETROPLAY"},"image":{"@id":"https:\/\/retroplay.info\/#\/schema\/logo\/image\/"},"sameAs":["https:\/\/x.com\/Retroplayinfo"]}]}},"_links":{"self":[{"href":"https:\/\/retroplay.info\/index.php\/wp-json\/wp\/v2\/pages\/2358","targetHints":{"allow":["GET"]}}],"collection":[{"href":"https:\/\/retroplay.info\/index.php\/wp-json\/wp\/v2\/pages"}],"about":[{"href":"https:\/\/retroplay.info\/index.php\/wp-json\/wp\/v2\/types\/page"}],"author":[{"embeddable":true,"href":"https:\/\/retroplay.info\/index.php\/wp-json\/wp\/v2\/users\/4"}],"replies":[{"embeddable":true,"href":"https:\/\/retroplay.info\/index.php\/wp-json\/wp\/v2\/comments?post=2358"}],"version-history":[{"count":24,"href":"https:\/\/retroplay.info\/index.php\/wp-json\/wp\/v2\/pages\/2358\/revisions"}],"predecessor-version":[{"id":2850,"href":"https:\/\/retroplay.info\/index.php\/wp-json\/wp\/v2\/pages\/2358\/revisions\/2850"}],"wp:featuredmedia":[{"embeddable":true,"href":"https:\/\/retroplay.info\/index.php\/wp-json\/wp\/v2\/media\/2482"}],"wp:attachment":[{"href":"https:\/\/retroplay.info\/index.php\/wp-json\/wp\/v2\/media?parent=2358"}],"curies":[{"name":"wp","href":"https:\/\/api.w.org\/{rel}","templated":true}]}}