{"id":291,"date":"2023-05-03T09:30:42","date_gmt":"2023-05-03T08:30:42","guid":{"rendered":"https:\/\/retroplay.info\/?page_id=291"},"modified":"2025-11-12T11:00:11","modified_gmt":"2025-11-12T10:00:11","slug":"ubicacion-retroplay","status":"publish","type":"page","link":"https:\/\/retroplay.info\/index.php\/ubicacion-retroplay\/","title":{"rendered":"UBICACI\u00d3N"},"content":{"rendered":"\n<figure class=\"wp-block-image size-full is-resized\"><img data-recalc-dims=\"1\" loading=\"lazy\" decoding=\"async\" width=\"151\" height=\"22\" src=\"https:\/\/i0.wp.com\/retroplay.info\/wp-content\/uploads\/2023\/09\/logo_mail_new.jpg?resize=151%2C22&#038;ssl=1\" alt=\"\" class=\"wp-image-622\" style=\"aspect-ratio:6.863636363636363;object-fit:cover;width:208px;height:auto\"\/><\/figure>\n\n\n\n<p><strong>Tercera edici\u00f3n de Retroplay, 29 y 30 de Noviembre 2025<\/strong><\/p>\n\n\n\n<p>Centro de ocio y negocios <strong>Las Am\u00e9ricas<\/strong><br>Av. al Vedat, 180, 46900 <strong>Torrent<\/strong>, Valencia<\/p>\n\n\n\n<iframe src=\"https:\/\/www.google.com\/maps\/embed?pb=!1m18!1m12!1m3!1d3081.8886998460052!2d-0.48472422474834775!3d39.42664121530482!2m3!1f0!2f0!3f0!3m2!1i1024!2i768!4f13.1!3m3!1m2!1s0xd605100236f1c33%3A0xf155d1870388754a!2sRetroplay!5e0!3m2!1ses!2ses!4v1762941429787!5m2!1ses!2ses\" width=\"600\" height=\"450\" style=\"border:0;\" allowfullscreen=\"\" loading=\"lazy\" referrerpolicy=\"no-referrer-when-downgrade\"><\/iframe>\n\n\n\n<h2 class=\"wp-block-heading\">\u00bfComo llegar?<\/h2>\n\n\n\n<div class=\"wp-block-columns is-layout-flex wp-container-core-columns-is-layout-28f84493 wp-block-columns-is-layout-flex\">\n<div class=\"wp-block-column is-layout-flow wp-block-column-is-layout-flow\">\n<figure class=\"wp-block-image size-full is-resized\"><img data-recalc-dims=\"1\" loading=\"lazy\" decoding=\"async\" width=\"300\" height=\"63\" src=\"https:\/\/i0.wp.com\/retroplay.info\/wp-content\/uploads\/2024\/09\/metrovalencia-logo.png?resize=300%2C63&#038;ssl=1\" alt=\"\" class=\"wp-image-2079\" style=\"object-fit:contain;width:274px;height:58px\"\/><\/figure>\n\n\n\n<p class=\"has-text-align-center\">L\u00edneas 1,2 y 7 parada <a href=\"https:\/\/maps.app.goo.gl\/tW93Av9D3Z9UBfyC7\">Torrent Avinguda<\/a><\/p>\n\n\n\n<figure data-wp-context=\"{&quot;imageId&quot;:&quot;69f4638315dc3&quot;}\" data-wp-interactive=\"core\/image\" data-wp-key=\"69f4638315dc3\" class=\"wp-block-image size-large wp-lightbox-container\"><img data-recalc-dims=\"1\" loading=\"lazy\" decoding=\"async\" width=\"714\" height=\"1024\" data-wp-class--hide=\"state.isContentHidden\" data-wp-class--show=\"state.isContentVisible\" data-wp-init=\"callbacks.setButtonStyles\" data-wp-on--click=\"actions.showLightbox\" data-wp-on--load=\"callbacks.setButtonStyles\" data-wp-on-window--resize=\"callbacks.setButtonStyles\" src=\"https:\/\/i0.wp.com\/retroplay.info\/wp-content\/uploads\/2024\/09\/metro-valencia-torrent.jpg?resize=714%2C1024&#038;ssl=1\" alt=\"\" class=\"wp-image-2080\" srcset=\"https:\/\/i0.wp.com\/retroplay.info\/wp-content\/uploads\/2024\/09\/metro-valencia-torrent.jpg?resize=714%2C1024&amp;ssl=1 714w, https:\/\/i0.wp.com\/retroplay.info\/wp-content\/uploads\/2024\/09\/metro-valencia-torrent.jpg?resize=209%2C300&amp;ssl=1 209w, https:\/\/i0.wp.com\/retroplay.info\/wp-content\/uploads\/2024\/09\/metro-valencia-torrent.jpg?w=768&amp;ssl=1 768w\" sizes=\"auto, (max-width: 714px) 100vw, 714px\" \/><button\n\t\t\tclass=\"lightbox-trigger\"\n\t\t\ttype=\"button\"\n\t\t\taria-haspopup=\"dialog\"\n\t\t\taria-label=\"Agrandar\"\n\t\t\tdata-wp-init=\"callbacks.initTriggerButton\"\n\t\t\tdata-wp-on--click=\"actions.showLightbox\"\n\t\t\tdata-wp-style--right=\"state.imageButtonRight\"\n\t\t\tdata-wp-style--top=\"state.imageButtonTop\"\n\t\t>\n\t\t\t<svg xmlns=\"http:\/\/www.w3.org\/2000\/svg\" width=\"12\" height=\"12\" fill=\"none\" viewBox=\"0 0 12 12\">\n\t\t\t\t<path fill=\"#fff\" d=\"M2 0a2 2 0 0 0-2 2v2h1.5V2a.5.5 0 0 1 .5-.5h2V0H2Zm2 10.5H2a.5.5 0 0 1-.5-.5V8H0v2a2 2 0 0 0 2 2h2v-1.5ZM8 12v-1.5h2a.5.5 0 0 0 .5-.5V8H12v2a2 2 0 0 1-2 2H8Zm2-12a2 2 0 0 1 2 2v2h-1.5V2a.5.5 0 0 0-.5-.5H8V0h2Z\" \/>\n\t\t\t<\/svg>\n\t\t<\/button><\/figure>\n<\/div>\n\n\n\n<div class=\"wp-block-column is-layout-flow wp-block-column-is-layout-flow\">\n<figure class=\"wp-block-image size-full is-resized\"><img data-recalc-dims=\"1\" loading=\"lazy\" decoding=\"async\" width=\"319\" height=\"65\" src=\"https:\/\/i0.wp.com\/retroplay.info\/wp-content\/uploads\/2024\/09\/torrent-bus-logo.png?resize=319%2C65&#038;ssl=1\" alt=\"torrent bus\" class=\"wp-image-2067\" style=\"object-fit:contain;width:274px;height:58px\" srcset=\"https:\/\/i0.wp.com\/retroplay.info\/wp-content\/uploads\/2024\/09\/torrent-bus-logo.png?w=319&amp;ssl=1 319w, https:\/\/i0.wp.com\/retroplay.info\/wp-content\/uploads\/2024\/09\/torrent-bus-logo.png?resize=300%2C61&amp;ssl=1 300w\" sizes=\"auto, (max-width: 319px) 100vw, 319px\" \/><\/figure>\n\n\n\n<p class=\"has-text-align-center\">L\u00ednea BLAVA<br><\/p>\n\n\n\n<figure data-wp-context=\"{&quot;imageId&quot;:&quot;69f4638316425&quot;}\" data-wp-interactive=\"core\/image\" data-wp-key=\"69f4638316425\" class=\"wp-block-image size-large wp-lightbox-container\"><img data-recalc-dims=\"1\" loading=\"lazy\" decoding=\"async\" width=\"389\" height=\"1024\" data-wp-class--hide=\"state.isContentHidden\" data-wp-class--show=\"state.isContentVisible\" data-wp-init=\"callbacks.setButtonStyles\" data-wp-on--click=\"actions.showLightbox\" data-wp-on--load=\"callbacks.setButtonStyles\" data-wp-on-window--resize=\"callbacks.setButtonStyles\" src=\"https:\/\/i0.wp.com\/retroplay.info\/wp-content\/uploads\/2024\/09\/torrent-bus.jpg?resize=389%2C1024&#038;ssl=1\" alt=\"\" class=\"wp-image-2081\" srcset=\"https:\/\/i0.wp.com\/retroplay.info\/wp-content\/uploads\/2024\/09\/torrent-bus.jpg?resize=389%2C1024&amp;ssl=1 389w, https:\/\/i0.wp.com\/retroplay.info\/wp-content\/uploads\/2024\/09\/torrent-bus.jpg?resize=114%2C300&amp;ssl=1 114w, https:\/\/i0.wp.com\/retroplay.info\/wp-content\/uploads\/2024\/09\/torrent-bus.jpg?resize=584%2C1536&amp;ssl=1 584w, https:\/\/i0.wp.com\/retroplay.info\/wp-content\/uploads\/2024\/09\/torrent-bus.jpg?w=649&amp;ssl=1 649w\" sizes=\"auto, (max-width: 389px) 100vw, 389px\" \/><button\n\t\t\tclass=\"lightbox-trigger\"\n\t\t\ttype=\"button\"\n\t\t\taria-haspopup=\"dialog\"\n\t\t\taria-label=\"Agrandar\"\n\t\t\tdata-wp-init=\"callbacks.initTriggerButton\"\n\t\t\tdata-wp-on--click=\"actions.showLightbox\"\n\t\t\tdata-wp-style--right=\"state.imageButtonRight\"\n\t\t\tdata-wp-style--top=\"state.imageButtonTop\"\n\t\t>\n\t\t\t<svg xmlns=\"http:\/\/www.w3.org\/2000\/svg\" width=\"12\" height=\"12\" fill=\"none\" viewBox=\"0 0 12 12\">\n\t\t\t\t<path fill=\"#fff\" d=\"M2 0a2 2 0 0 0-2 2v2h1.5V2a.5.5 0 0 1 .5-.5h2V0H2Zm2 10.5H2a.5.5 0 0 1-.5-.5V8H0v2a2 2 0 0 0 2 2h2v-1.5ZM8 12v-1.5h2a.5.5 0 0 0 .5-.5V8H12v2a2 2 0 0 1-2 2H8Zm2-12a2 2 0 0 1 2 2v2h-1.5V2a.5.5 0 0 0-.5-.5H8V0h2Z\" \/>\n\t\t\t<\/svg>\n\t\t<\/button><\/figure>\n<\/div>\n\n\n\n<div class=\"wp-block-column is-layout-flow wp-block-column-is-layout-flow\">\n<figure class=\"wp-block-image size-full is-resized\"><img data-recalc-dims=\"1\" loading=\"lazy\" decoding=\"async\" width=\"600\" height=\"77\" src=\"https:\/\/i0.wp.com\/retroplay.info\/wp-content\/uploads\/2024\/09\/metrobus.png?resize=600%2C77&#038;ssl=1\" alt=\"\" class=\"wp-image-2077\" style=\"object-fit:contain;width:274px;height:58px\" srcset=\"https:\/\/i0.wp.com\/retroplay.info\/wp-content\/uploads\/2024\/09\/metrobus.png?w=600&amp;ssl=1 600w, https:\/\/i0.wp.com\/retroplay.info\/wp-content\/uploads\/2024\/09\/metrobus.png?resize=300%2C39&amp;ssl=1 300w\" sizes=\"auto, (max-width: 600px) 100vw, 600px\" \/><\/figure>\n\n\n\n<p class=\"has-text-align-center\">L\u00ednea 170B, 3, 1, 2, L106A<br><\/p>\n\n\n\n<figure data-wp-context=\"{&quot;imageId&quot;:&quot;69f46383169e0&quot;}\" data-wp-interactive=\"core\/image\" data-wp-key=\"69f46383169e0\" class=\"wp-block-image size-large wp-lightbox-container\"><img data-recalc-dims=\"1\" loading=\"lazy\" decoding=\"async\" width=\"269\" height=\"1024\" data-wp-class--hide=\"state.isContentHidden\" data-wp-class--show=\"state.isContentVisible\" data-wp-init=\"callbacks.setButtonStyles\" data-wp-on--click=\"actions.showLightbox\" data-wp-on--load=\"callbacks.setButtonStyles\" data-wp-on-window--resize=\"callbacks.setButtonStyles\" src=\"https:\/\/i0.wp.com\/retroplay.info\/wp-content\/uploads\/2024\/09\/torrent-bus-2.jpg?resize=269%2C1024&#038;ssl=1\" alt=\"\" class=\"wp-image-2082\" srcset=\"https:\/\/i0.wp.com\/retroplay.info\/wp-content\/uploads\/2024\/09\/torrent-bus-2.jpg?resize=269%2C1024&amp;ssl=1 269w, https:\/\/i0.wp.com\/retroplay.info\/wp-content\/uploads\/2024\/09\/torrent-bus-2.jpg?resize=79%2C300&amp;ssl=1 79w, https:\/\/i0.wp.com\/retroplay.info\/wp-content\/uploads\/2024\/09\/torrent-bus-2.jpg?resize=404%2C1536&amp;ssl=1 404w, https:\/\/i0.wp.com\/retroplay.info\/wp-content\/uploads\/2024\/09\/torrent-bus-2.jpg?w=420&amp;ssl=1 420w\" sizes=\"auto, (max-width: 269px) 100vw, 269px\" \/><button\n\t\t\tclass=\"lightbox-trigger\"\n\t\t\ttype=\"button\"\n\t\t\taria-haspopup=\"dialog\"\n\t\t\taria-label=\"Agrandar\"\n\t\t\tdata-wp-init=\"callbacks.initTriggerButton\"\n\t\t\tdata-wp-on--click=\"actions.showLightbox\"\n\t\t\tdata-wp-style--right=\"state.imageButtonRight\"\n\t\t\tdata-wp-style--top=\"state.imageButtonTop\"\n\t\t>\n\t\t\t<svg xmlns=\"http:\/\/www.w3.org\/2000\/svg\" width=\"12\" height=\"12\" fill=\"none\" viewBox=\"0 0 12 12\">\n\t\t\t\t<path fill=\"#fff\" d=\"M2 0a2 2 0 0 0-2 2v2h1.5V2a.5.5 0 0 1 .5-.5h2V0H2Zm2 10.5H2a.5.5 0 0 1-.5-.5V8H0v2a2 2 0 0 0 2 2h2v-1.5ZM8 12v-1.5h2a.5.5 0 0 0 .5-.5V8H12v2a2 2 0 0 1-2 2H8Zm2-12a2 2 0 0 1 2 2v2h-1.5V2a.5.5 0 0 0-.5-.5H8V0h2Z\" \/>\n\t\t\t<\/svg>\n\t\t<\/button><\/figure>\n<\/div>\n<\/div>\n\n\n\n<div class=\"wp-block-uagb-separator uagb-block-09bd02f5\"><div class=\"wp-block-uagb-separator__inner\" style=\"--my-background-image:\"><\/div><\/div>\n","protected":false},"excerpt":{"rendered":"<p>Tercera edici\u00f3n de Retroplay, 29 y 30 de Noviembre 2025 Centro de ocio y negocios Las Am\u00e9ricasAv. al Vedat, 180, 46900 Torrent, Valencia \u00bfComo llegar? L\u00edneas 1,2 y 7 parada Torrent Avinguda L\u00ednea BLAVA L\u00ednea 170B, 3, 1, 2, L106A<\/p>\n","protected":false},"author":1,"featured_media":0,"parent":0,"menu_order":0,"comment_status":"closed","ping_status":"closed","template":"","meta":{"_themeisle_gutenberg_block_has_review":false,"footnotes":""},"class_list":["post-291","page","type-page","status-publish","hentry"],"yoast_head":"<!-- This site is optimized with the Yoast SEO plugin v26.2 - https:\/\/yoast.com\/wordpress\/plugins\/seo\/ -->\n<title>Ubicaci\u00f3n RETROPLAY<\/title>\n<meta name=\"description\" content=\"Centro de ocio y negocios Las Am\u00e9ricasAv. al Vedat, 180, 46900 Torrent, Valencia. L\u00edneas 2 y 7 parada Torrent Avinguda\" \/>\n<meta name=\"robots\" content=\"index, follow, max-snippet:-1, max-image-preview:large, max-video-preview:-1\" \/>\n<link rel=\"canonical\" href=\"https:\/\/retroplay.info\/index.php\/ubicacion-retroplay\/\" \/>\n<meta property=\"og:locale\" content=\"es_ES\" \/>\n<meta property=\"og:type\" content=\"article\" \/>\n<meta property=\"og:title\" content=\"Ubicaci\u00f3n RETROPLAY\" \/>\n<meta property=\"og:description\" content=\"Centro de ocio y negocios Las Am\u00e9ricasAv. al Vedat, 180, 46900 Torrent, Valencia. L\u00edneas 2 y 7 parada Torrent Avinguda\" \/>\n<meta property=\"og:url\" content=\"https:\/\/retroplay.info\/index.php\/ubicacion-retroplay\/\" \/>\n<meta property=\"og:site_name\" content=\"RETROPLAY\" \/>\n<meta property=\"article:modified_time\" content=\"2025-11-12T10:00:11+00:00\" \/>\n<meta property=\"og:image\" content=\"https:\/\/retroplay.info\/wp-content\/uploads\/2023\/09\/logo_mail_new.jpg\" \/>\n<meta name=\"twitter:card\" content=\"summary_large_image\" \/>\n<meta name=\"twitter:site\" content=\"@Retroplayinfo\" \/>\n<meta name=\"twitter:label1\" content=\"Tiempo de lectura\" \/>\n\t<meta name=\"twitter:data1\" content=\"2 minutos\" \/>\n<script type=\"application\/ld+json\" class=\"yoast-schema-graph\">{\"@context\":\"https:\/\/schema.org\",\"@graph\":[{\"@type\":\"WebPage\",\"@id\":\"https:\/\/retroplay.info\/index.php\/ubicacion-retroplay\/\",\"url\":\"https:\/\/retroplay.info\/index.php\/ubicacion-retroplay\/\",\"name\":\"Ubicaci\u00f3n RETROPLAY\",\"isPartOf\":{\"@id\":\"https:\/\/retroplay.info\/#website\"},\"primaryImageOfPage\":{\"@id\":\"https:\/\/retroplay.info\/index.php\/ubicacion-retroplay\/#primaryimage\"},\"image\":{\"@id\":\"https:\/\/retroplay.info\/index.php\/ubicacion-retroplay\/#primaryimage\"},\"thumbnailUrl\":\"https:\/\/retroplay.info\/wp-content\/uploads\/2023\/09\/logo_mail_new.jpg\",\"datePublished\":\"2023-05-03T08:30:42+00:00\",\"dateModified\":\"2025-11-12T10:00:11+00:00\",\"description\":\"Centro de ocio y negocios Las Am\u00e9ricasAv. al Vedat, 180, 46900 Torrent, Valencia. L\u00edneas 2 y 7 parada Torrent Avinguda\",\"breadcrumb\":{\"@id\":\"https:\/\/retroplay.info\/index.php\/ubicacion-retroplay\/#breadcrumb\"},\"inLanguage\":\"es\",\"potentialAction\":[{\"@type\":\"ReadAction\",\"target\":[\"https:\/\/retroplay.info\/index.php\/ubicacion-retroplay\/\"]}]},{\"@type\":\"ImageObject\",\"inLanguage\":\"es\",\"@id\":\"https:\/\/retroplay.info\/index.php\/ubicacion-retroplay\/#primaryimage\",\"url\":\"https:\/\/i0.wp.com\/retroplay.info\/wp-content\/uploads\/2023\/09\/logo_mail_new.jpg?fit=151%2C22&ssl=1\",\"contentUrl\":\"https:\/\/i0.wp.com\/retroplay.info\/wp-content\/uploads\/2023\/09\/logo_mail_new.jpg?fit=151%2C22&ssl=1\",\"width\":151,\"height\":22},{\"@type\":\"BreadcrumbList\",\"@id\":\"https:\/\/retroplay.info\/index.php\/ubicacion-retroplay\/#breadcrumb\",\"itemListElement\":[{\"@type\":\"ListItem\",\"position\":1,\"name\":\"Portada\",\"item\":\"https:\/\/retroplay.info\/\"},{\"@type\":\"ListItem\",\"position\":2,\"name\":\"UBICACI\u00d3N\"}]},{\"@type\":\"WebSite\",\"@id\":\"https:\/\/retroplay.info\/#website\",\"url\":\"https:\/\/retroplay.info\/\",\"name\":\"RETROPLAY\",\"description\":\"EL EVENTO DE RETRO DEFINITIVO\",\"publisher\":{\"@id\":\"https:\/\/retroplay.info\/#organization\"},\"potentialAction\":[{\"@type\":\"SearchAction\",\"target\":{\"@type\":\"EntryPoint\",\"urlTemplate\":\"https:\/\/retroplay.info\/?s={search_term_string}\"},\"query-input\":{\"@type\":\"PropertyValueSpecification\",\"valueRequired\":true,\"valueName\":\"search_term_string\"}}],\"inLanguage\":\"es\"},{\"@type\":\"Organization\",\"@id\":\"https:\/\/retroplay.info\/#organization\",\"name\":\"RETROPLAY\",\"url\":\"https:\/\/retroplay.info\/\",\"logo\":{\"@type\":\"ImageObject\",\"inLanguage\":\"es\",\"@id\":\"https:\/\/retroplay.info\/#\/schema\/logo\/image\/\",\"url\":\"https:\/\/i0.wp.com\/retroplay.info\/wp-content\/uploads\/2023\/09\/logo-7-new.jpg?fit=150%2C100&ssl=1\",\"contentUrl\":\"https:\/\/i0.wp.com\/retroplay.info\/wp-content\/uploads\/2023\/09\/logo-7-new.jpg?fit=150%2C100&ssl=1\",\"width\":150,\"height\":100,\"caption\":\"RETROPLAY\"},\"image\":{\"@id\":\"https:\/\/retroplay.info\/#\/schema\/logo\/image\/\"},\"sameAs\":[\"https:\/\/x.com\/Retroplayinfo\"]}]}<\/script>\n<!-- \/ Yoast SEO plugin. -->","yoast_head_json":{"title":"Ubicaci\u00f3n RETROPLAY","description":"Centro de ocio y negocios Las Am\u00e9ricasAv. al Vedat, 180, 46900 Torrent, Valencia. L\u00edneas 2 y 7 parada Torrent Avinguda","robots":{"index":"index","follow":"follow","max-snippet":"max-snippet:-1","max-image-preview":"max-image-preview:large","max-video-preview":"max-video-preview:-1"},"canonical":"https:\/\/retroplay.info\/index.php\/ubicacion-retroplay\/","og_locale":"es_ES","og_type":"article","og_title":"Ubicaci\u00f3n RETROPLAY","og_description":"Centro de ocio y negocios Las Am\u00e9ricasAv. al Vedat, 180, 46900 Torrent, Valencia. L\u00edneas 2 y 7 parada Torrent Avinguda","og_url":"https:\/\/retroplay.info\/index.php\/ubicacion-retroplay\/","og_site_name":"RETROPLAY","article_modified_time":"2025-11-12T10:00:11+00:00","og_image":[{"url":"https:\/\/retroplay.info\/wp-content\/uploads\/2023\/09\/logo_mail_new.jpg","type":"","width":"","height":""}],"twitter_card":"summary_large_image","twitter_site":"@Retroplayinfo","twitter_misc":{"Tiempo de lectura":"2 minutos"},"schema":{"@context":"https:\/\/schema.org","@graph":[{"@type":"WebPage","@id":"https:\/\/retroplay.info\/index.php\/ubicacion-retroplay\/","url":"https:\/\/retroplay.info\/index.php\/ubicacion-retroplay\/","name":"Ubicaci\u00f3n RETROPLAY","isPartOf":{"@id":"https:\/\/retroplay.info\/#website"},"primaryImageOfPage":{"@id":"https:\/\/retroplay.info\/index.php\/ubicacion-retroplay\/#primaryimage"},"image":{"@id":"https:\/\/retroplay.info\/index.php\/ubicacion-retroplay\/#primaryimage"},"thumbnailUrl":"https:\/\/retroplay.info\/wp-content\/uploads\/2023\/09\/logo_mail_new.jpg","datePublished":"2023-05-03T08:30:42+00:00","dateModified":"2025-11-12T10:00:11+00:00","description":"Centro de ocio y negocios Las Am\u00e9ricasAv. al Vedat, 180, 46900 Torrent, Valencia. L\u00edneas 2 y 7 parada Torrent Avinguda","breadcrumb":{"@id":"https:\/\/retroplay.info\/index.php\/ubicacion-retroplay\/#breadcrumb"},"inLanguage":"es","potentialAction":[{"@type":"ReadAction","target":["https:\/\/retroplay.info\/index.php\/ubicacion-retroplay\/"]}]},{"@type":"ImageObject","inLanguage":"es","@id":"https:\/\/retroplay.info\/index.php\/ubicacion-retroplay\/#primaryimage","url":"https:\/\/i0.wp.com\/retroplay.info\/wp-content\/uploads\/2023\/09\/logo_mail_new.jpg?fit=151%2C22&ssl=1","contentUrl":"https:\/\/i0.wp.com\/retroplay.info\/wp-content\/uploads\/2023\/09\/logo_mail_new.jpg?fit=151%2C22&ssl=1","width":151,"height":22},{"@type":"BreadcrumbList","@id":"https:\/\/retroplay.info\/index.php\/ubicacion-retroplay\/#breadcrumb","itemListElement":[{"@type":"ListItem","position":1,"name":"Portada","item":"https:\/\/retroplay.info\/"},{"@type":"ListItem","position":2,"name":"UBICACI\u00d3N"}]},{"@type":"WebSite","@id":"https:\/\/retroplay.info\/#website","url":"https:\/\/retroplay.info\/","name":"RETROPLAY","description":"EL EVENTO DE RETRO DEFINITIVO","publisher":{"@id":"https:\/\/retroplay.info\/#organization"},"potentialAction":[{"@type":"SearchAction","target":{"@type":"EntryPoint","urlTemplate":"https:\/\/retroplay.info\/?s={search_term_string}"},"query-input":{"@type":"PropertyValueSpecification","valueRequired":true,"valueName":"search_term_string"}}],"inLanguage":"es"},{"@type":"Organization","@id":"https:\/\/retroplay.info\/#organization","name":"RETROPLAY","url":"https:\/\/retroplay.info\/","logo":{"@type":"ImageObject","inLanguage":"es","@id":"https:\/\/retroplay.info\/#\/schema\/logo\/image\/","url":"https:\/\/i0.wp.com\/retroplay.info\/wp-content\/uploads\/2023\/09\/logo-7-new.jpg?fit=150%2C100&ssl=1","contentUrl":"https:\/\/i0.wp.com\/retroplay.info\/wp-content\/uploads\/2023\/09\/logo-7-new.jpg?fit=150%2C100&ssl=1","width":150,"height":100,"caption":"RETROPLAY"},"image":{"@id":"https:\/\/retroplay.info\/#\/schema\/logo\/image\/"},"sameAs":["https:\/\/x.com\/Retroplayinfo"]}]}},"_links":{"self":[{"href":"https:\/\/retroplay.info\/index.php\/wp-json\/wp\/v2\/pages\/291","targetHints":{"allow":["GET"]}}],"collection":[{"href":"https:\/\/retroplay.info\/index.php\/wp-json\/wp\/v2\/pages"}],"about":[{"href":"https:\/\/retroplay.info\/index.php\/wp-json\/wp\/v2\/types\/page"}],"author":[{"embeddable":true,"href":"https:\/\/retroplay.info\/index.php\/wp-json\/wp\/v2\/users\/1"}],"replies":[{"embeddable":true,"href":"https:\/\/retroplay.info\/index.php\/wp-json\/wp\/v2\/comments?post=291"}],"version-history":[{"count":21,"href":"https:\/\/retroplay.info\/index.php\/wp-json\/wp\/v2\/pages\/291\/revisions"}],"predecessor-version":[{"id":2681,"href":"https:\/\/retroplay.info\/index.php\/wp-json\/wp\/v2\/pages\/291\/revisions\/2681"}],"wp:attachment":[{"href":"https:\/\/retroplay.info\/index.php\/wp-json\/wp\/v2\/media?parent=291"}],"curies":[{"name":"wp","href":"https:\/\/api.w.org\/{rel}","templated":true}]}}